
{"id":2843,"date":"2020-12-29T20:09:34","date_gmt":"2020-12-29T20:09:34","guid":{"rendered":"http:\/\/www.swlauriersb.qc.ca\/admission-and-registration\/registration-current-students\/"},"modified":"2025-12-02T16:01:46","modified_gmt":"2025-12-02T20:01:46","slug":"re-inscription-eleves","status":"publish","type":"page","link":"https:\/\/www.swlauriersb.qc.ca\/fr\/familles\/admission-inscription\/re-inscription-eleves\/","title":{"rendered":"R\u00e9inscription des \u00e9l\u00e8ves"},"content":{"rendered":"","protected":false},"excerpt":{"rendered":"","protected":false},"author":7,"featured_media":0,"parent":2813,"menu_order":0,"comment_status":"closed","ping_status":"closed","template":"","meta":{"_acf_changed":false,"_uf_show_specific_survey":0,"_uf_disable_surveys":false,"footnotes":""},"class_list":["post-2843","page","type-page","status-publish","hentry"],"acf":[],"yoast_head":"<!-- This site is optimized with the Yoast SEO plugin v27.0 - https:\/\/yoast.com\/product\/yoast-seo-wordpress\/ -->\n<title>R\u00e9inscription des \u00e9l\u00e8ves - Sir-Wilfrid-Laurier<\/title>\n<meta name=\"robots\" content=\"index, follow, max-snippet:-1, max-image-preview:large, max-video-preview:-1\" \/>\n<link rel=\"canonical\" href=\"https:\/\/www.swlauriersb.qc.ca\/fr\/familles\/admission-inscription\/re-inscription-eleves\/\" \/>\n<meta property=\"og:locale\" content=\"fr_FR\" \/>\n<meta property=\"og:type\" content=\"article\" \/>\n<meta property=\"og:title\" content=\"R\u00e9inscription des \u00e9l\u00e8ves - Sir-Wilfrid-Laurier\" \/>\n<meta property=\"og:url\" content=\"https:\/\/www.swlauriersb.qc.ca\/fr\/familles\/admission-inscription\/re-inscription-eleves\/\" \/>\n<meta property=\"og:site_name\" content=\"Sir-Wilfrid-Laurier\" \/>\n<meta property=\"article:publisher\" content=\"https:\/\/www.facebook.com\/SWLSB\" \/>\n<meta property=\"article:modified_time\" content=\"2025-12-02T20:01:46+00:00\" \/>\n<meta name=\"twitter:card\" content=\"summary_large_image\" \/>\n<script type=\"application\/ld+json\" class=\"yoast-schema-graph\">{\"@context\":\"https:\/\/schema.org\",\"@graph\":[{\"@type\":\"WebPage\",\"@id\":\"https:\/\/www.swlauriersb.qc.ca\/fr\/familles\/admission-inscription\/re-inscription-eleves\/\",\"url\":\"https:\/\/www.swlauriersb.qc.ca\/fr\/familles\/admission-inscription\/re-inscription-eleves\/\",\"name\":\"R\u00e9inscription des \u00e9l\u00e8ves - Sir-Wilfrid-Laurier\",\"isPartOf\":{\"@id\":\"https:\/\/www.swlauriersb.qc.ca\/fr\/#website\"},\"datePublished\":\"2020-12-29T20:09:34+00:00\",\"dateModified\":\"2025-12-02T20:01:46+00:00\",\"breadcrumb\":{\"@id\":\"https:\/\/www.swlauriersb.qc.ca\/fr\/familles\/admission-inscription\/re-inscription-eleves\/#breadcrumb\"},\"inLanguage\":\"fr-FR\",\"potentialAction\":[{\"@type\":\"ReadAction\",\"target\":[\"https:\/\/www.swlauriersb.qc.ca\/fr\/familles\/admission-inscription\/re-inscription-eleves\/\"]}]},{\"@type\":\"BreadcrumbList\",\"@id\":\"https:\/\/www.swlauriersb.qc.ca\/fr\/familles\/admission-inscription\/re-inscription-eleves\/#breadcrumb\",\"itemListElement\":[{\"@type\":\"ListItem\",\"position\":1,\"name\":\"\",\"item\":\"https:\/\/www.swlauriersb.qc.ca\/fr\/\"},{\"@type\":\"ListItem\",\"position\":2,\"name\":\"Familles\",\"item\":\"https:\/\/www.swlauriersb.qc.ca\/fr\/familles\/\"},{\"@type\":\"ListItem\",\"position\":3,\"name\":\"Admission et inscription\",\"item\":\"https:\/\/www.swlauriersb.qc.ca\/fr\/familles\/admission-inscription\/\"},{\"@type\":\"ListItem\",\"position\":4,\"name\":\"R\u00e9inscription des \u00e9l\u00e8ves\"}]},{\"@type\":\"WebSite\",\"@id\":\"https:\/\/www.swlauriersb.qc.ca\/fr\/#website\",\"url\":\"https:\/\/www.swlauriersb.qc.ca\/fr\/\",\"name\":\"Sir-Wilfrid-Laurier School Board\",\"description\":\"Quebec English School board serving regions of Laval, Laurentides and Lanaudi\u00e8re\",\"publisher\":{\"@id\":\"https:\/\/www.swlauriersb.qc.ca\/fr\/#organization\"},\"potentialAction\":[{\"@type\":\"SearchAction\",\"target\":{\"@type\":\"EntryPoint\",\"urlTemplate\":\"https:\/\/www.swlauriersb.qc.ca\/fr\/?s={search_term_string}\"},\"query-input\":{\"@type\":\"PropertyValueSpecification\",\"valueRequired\":true,\"valueName\":\"search_term_string\"}}],\"inLanguage\":\"fr-FR\"},{\"@type\":\"Organization\",\"@id\":\"https:\/\/www.swlauriersb.qc.ca\/fr\/#organization\",\"name\":\"Sir-Wilfrid-Laurier\",\"url\":\"https:\/\/www.swlauriersb.qc.ca\/fr\/\",\"logo\":{\"@type\":\"ImageObject\",\"inLanguage\":\"fr-FR\",\"@id\":\"https:\/\/www.swlauriersb.qc.ca\/fr\/#\/schema\/logo\/image\/\",\"url\":\"https:\/\/www.swlauriersb.qc.ca\/wp-content\/uploads\/2024\/08\/128x128-logo.jpg\",\"contentUrl\":\"https:\/\/www.swlauriersb.qc.ca\/wp-content\/uploads\/2024\/08\/128x128-logo.jpg\",\"width\":356,\"height\":356,\"caption\":\"Sir-Wilfrid-Laurier\"},\"image\":{\"@id\":\"https:\/\/www.swlauriersb.qc.ca\/fr\/#\/schema\/logo\/image\/\"},\"sameAs\":[\"https:\/\/www.facebook.com\/SWLSB\"]}]}<\/script>\n<!-- \/ Yoast SEO plugin. -->","yoast_head_json":{"title":"R\u00e9inscription des \u00e9l\u00e8ves - Sir-Wilfrid-Laurier","robots":{"index":"index","follow":"follow","max-snippet":"max-snippet:-1","max-image-preview":"max-image-preview:large","max-video-preview":"max-video-preview:-1"},"canonical":"https:\/\/www.swlauriersb.qc.ca\/fr\/familles\/admission-inscription\/re-inscription-eleves\/","og_locale":"fr_FR","og_type":"article","og_title":"R\u00e9inscription des \u00e9l\u00e8ves - Sir-Wilfrid-Laurier","og_url":"https:\/\/www.swlauriersb.qc.ca\/fr\/familles\/admission-inscription\/re-inscription-eleves\/","og_site_name":"Sir-Wilfrid-Laurier","article_publisher":"https:\/\/www.facebook.com\/SWLSB","article_modified_time":"2025-12-02T20:01:46+00:00","twitter_card":"summary_large_image","schema":{"@context":"https:\/\/schema.org","@graph":[{"@type":"WebPage","@id":"https:\/\/www.swlauriersb.qc.ca\/fr\/familles\/admission-inscription\/re-inscription-eleves\/","url":"https:\/\/www.swlauriersb.qc.ca\/fr\/familles\/admission-inscription\/re-inscription-eleves\/","name":"R\u00e9inscription des \u00e9l\u00e8ves - Sir-Wilfrid-Laurier","isPartOf":{"@id":"https:\/\/www.swlauriersb.qc.ca\/fr\/#website"},"datePublished":"2020-12-29T20:09:34+00:00","dateModified":"2025-12-02T20:01:46+00:00","breadcrumb":{"@id":"https:\/\/www.swlauriersb.qc.ca\/fr\/familles\/admission-inscription\/re-inscription-eleves\/#breadcrumb"},"inLanguage":"fr-FR","potentialAction":[{"@type":"ReadAction","target":["https:\/\/www.swlauriersb.qc.ca\/fr\/familles\/admission-inscription\/re-inscription-eleves\/"]}]},{"@type":"BreadcrumbList","@id":"https:\/\/www.swlauriersb.qc.ca\/fr\/familles\/admission-inscription\/re-inscription-eleves\/#breadcrumb","itemListElement":[{"@type":"ListItem","position":1,"name":"","item":"https:\/\/www.swlauriersb.qc.ca\/fr\/"},{"@type":"ListItem","position":2,"name":"Familles","item":"https:\/\/www.swlauriersb.qc.ca\/fr\/familles\/"},{"@type":"ListItem","position":3,"name":"Admission et inscription","item":"https:\/\/www.swlauriersb.qc.ca\/fr\/familles\/admission-inscription\/"},{"@type":"ListItem","position":4,"name":"R\u00e9inscription des \u00e9l\u00e8ves"}]},{"@type":"WebSite","@id":"https:\/\/www.swlauriersb.qc.ca\/fr\/#website","url":"https:\/\/www.swlauriersb.qc.ca\/fr\/","name":"Sir-Wilfrid-Laurier School Board","description":"Quebec English School board serving regions of Laval, Laurentides and Lanaudi\u00e8re","publisher":{"@id":"https:\/\/www.swlauriersb.qc.ca\/fr\/#organization"},"potentialAction":[{"@type":"SearchAction","target":{"@type":"EntryPoint","urlTemplate":"https:\/\/www.swlauriersb.qc.ca\/fr\/?s={search_term_string}"},"query-input":{"@type":"PropertyValueSpecification","valueRequired":true,"valueName":"search_term_string"}}],"inLanguage":"fr-FR"},{"@type":"Organization","@id":"https:\/\/www.swlauriersb.qc.ca\/fr\/#organization","name":"Sir-Wilfrid-Laurier","url":"https:\/\/www.swlauriersb.qc.ca\/fr\/","logo":{"@type":"ImageObject","inLanguage":"fr-FR","@id":"https:\/\/www.swlauriersb.qc.ca\/fr\/#\/schema\/logo\/image\/","url":"https:\/\/www.swlauriersb.qc.ca\/wp-content\/uploads\/2024\/08\/128x128-logo.jpg","contentUrl":"https:\/\/www.swlauriersb.qc.ca\/wp-content\/uploads\/2024\/08\/128x128-logo.jpg","width":356,"height":356,"caption":"Sir-Wilfrid-Laurier"},"image":{"@id":"https:\/\/www.swlauriersb.qc.ca\/fr\/#\/schema\/logo\/image\/"},"sameAs":["https:\/\/www.facebook.com\/SWLSB"]}]}},"_links":{"self":[{"href":"https:\/\/www.swlauriersb.qc.ca\/fr\/wp-json\/wp\/v2\/pages\/2843","targetHints":{"allow":["GET"]}}],"collection":[{"href":"https:\/\/www.swlauriersb.qc.ca\/fr\/wp-json\/wp\/v2\/pages"}],"about":[{"href":"https:\/\/www.swlauriersb.qc.ca\/fr\/wp-json\/wp\/v2\/types\/page"}],"author":[{"embeddable":true,"href":"https:\/\/www.swlauriersb.qc.ca\/fr\/wp-json\/wp\/v2\/users\/7"}],"replies":[{"embeddable":true,"href":"https:\/\/www.swlauriersb.qc.ca\/fr\/wp-json\/wp\/v2\/comments?post=2843"}],"version-history":[{"count":18,"href":"https:\/\/www.swlauriersb.qc.ca\/fr\/wp-json\/wp\/v2\/pages\/2843\/revisions"}],"predecessor-version":[{"id":19543,"href":"https:\/\/www.swlauriersb.qc.ca\/fr\/wp-json\/wp\/v2\/pages\/2843\/revisions\/19543"}],"up":[{"embeddable":true,"href":"https:\/\/www.swlauriersb.qc.ca\/fr\/wp-json\/wp\/v2\/pages\/2813"}],"wp:attachment":[{"href":"https:\/\/www.swlauriersb.qc.ca\/fr\/wp-json\/wp\/v2\/media?parent=2843"}],"curies":[{"name":"wp","href":"https:\/\/api.w.org\/{rel}","templated":true}]}}